{"id":102,"date":"2019-03-15T14:52:04","date_gmt":"2019-03-15T13:52:04","guid":{"rendered":"http:\/\/tomygousset.s26722.manumartin.atester.fr\/marso-and-co\/?page_id=102"},"modified":"2020-02-07T16:00:18","modified_gmt":"2020-02-07T15:00:18","slug":"le-chef","status":"publish","type":"page","link":"https:\/\/www.tomygousset.com\/marso-and-co\/le-chef\/","title":{"rendered":"Le chef"},"content":{"rendered":"<p><a href=\"\/marso-and-co\/\"><img decoding=\"async\" src=\"\/visuels-tg\/pave-hugo-blank.png\" alt=\"\"><\/a><\/p>\n<ul>\n<li>\n<p><a href=\"\/marso-and-co\/le-restaurant\">LE RESTAURANT<\/a><\/p>\n<\/li>\n<li>\n<p><a href=\"\/marso-and-co\/le-chef\">LE CHEF<\/a><\/p>\n<\/li>\n<li>\n<p><a href=\"\/marso-and-co\/equipe\">L&rsquo;\u00c9QUIPE<\/a><\/p>\n<\/li>\n<li>\n<p><a href=\"\/marso-and-co\/la-carte\">LA CARTE<\/a><\/p>\n<\/li>\n<li>\n<p><a href=\"\/marso-and-co\/situation\">S&rsquo;Y RENDRE<\/a><\/p>\n<\/li>\n<li>\n<p><a href=\"\/marso-and-co\/nous-suivre\/\">NOUS SUIVRE<\/a><\/p>\n<\/li>\n<\/ul>\n<ul>\n<li>\n        <a href=\"reserver\">R\u00e9server<\/a>\n    <\/li>\n<li>\n        <a href=\"https:\/\/vimeo.com\/360331129\">VID\u00c9O<\/a>\n    <\/li>\n<li>\n        <a href=\"https:\/\/leadfoxcloud.com\/public\/5e207707763e640e8647d15e\/\">S&rsquo;abonner \u00e0 notre newsletter<\/a>\n    <\/li>\n<\/ul>\n<div>\n<p style=\"font-size: 0.8em;\">Du lundi au vendredi<br \/>12h00 &gt; 14h00<br \/>19h15 &gt; 22h00<\/p>\n<\/div>\n<div>\n<p style=\"font-size: 0.8em;\">16 rue Vulpian<br \/>75013 Paris<\/p>\n<p>T. 01 45 87 37 00<\/p>\n<\/div>\n<hr>\n<div>\n<p>Restez en contact\u2026<\/p>\n<\/div>\n<div>\n<p style=\"font-size:0.8em;\"><a href=\"https:\/\/www.tomygousset.com\" target=\"_blank\" rel=\"noopener\">< Site Tomy Gousset <\/a> \/ <a class=\"el-link uk-link-muted uk-icon customize-unpreviewable\" target=\"_blank\" href=\"https:\/\/www.facebook.com\/Marsoco-251297955777992\/\" uk-icon=\"icon: facebook;\"><svg width=\"20\" height=\"20\" viewBox=\"0 0 20 20\" xmlns=\"http:\/\/www.w3.org\/2000\/svg\" data-svg=\"facebook\"><path d=\"M11,10h2.6l0.4-3H11V5.3c0-0.9,0.2-1.5,1.5-1.5H14V1.1c-0.3,0-1-0.1-2.1-0.1C9.6,1,8,2.4,8,5v2H5.5v3H8v8h3V10z\"><\/path><\/svg><\/a> <a class=\"el-link uk-link-muted uk-icon customize-unpreviewable\" target=\"_blank\" href=\"https:\/\/www.instagram.com\/restaurant_marsoandco\/\" uk-icon=\"icon: instagram;\"><svg width=\"20\" height=\"20\" viewBox=\"0 0 20 20\" xmlns=\"http:\/\/www.w3.org\/2000\/svg\" data-svg=\"instagram\"><path d=\"M13.55,1H6.46C3.45,1,1,3.44,1,6.44v7.12c0,3,2.45,5.44,5.46,5.44h7.08c3.02,0,5.46-2.44,5.46-5.44V6.44 C19.01,3.44,16.56,1,13.55,1z M17.5,14c0,1.93-1.57,3.5-3.5,3.5H6c-1.93,0-3.5-1.57-3.5-3.5V6c0-1.93,1.57-3.5,3.5-3.5h8 c1.93,0,3.5,1.57,3.5,3.5V14z\"><\/path><circle cx=\"14.87\" cy=\"5.26\" r=\"1.09\"><\/circle><path d=\"M10.03,5.45c-2.55,0-4.63,2.06-4.63,4.6c0,2.55,2.07,4.61,4.63,4.61c2.56,0,4.63-2.061,4.63-4.61 C14.65,7.51,12.58,5.45,10.03,5.45L10.03,5.45L10.03,5.45z M10.08,13c-1.66,0-3-1.34-3-2.99c0-1.65,1.34-2.99,3-2.99s3,1.34,3,2.99 C13.08,11.66,11.74,13,10.08,13L10.08,13L10.08,13z\"><\/path><\/svg><\/a><\/p>\n<\/div>\n<ul>\n<li>\n<div>\n<h2 style=\"text-align: center;\"><span style=\"color: #000000;\"><br \/>UN CHEF<\/span><br \/><span style=\"color: #000000;\">AU PARCOURS <\/span><br \/><span style=\"color: #000000;\">\u00c9M\u00c9RITE<\/span><\/h2>\n<hr style=\"margin-left: auto; margin-right: auto;\" width=\"50%\" \/>\n<p style=\"padding-left: 50px; padding-right: 50px; padding-top: 10px;\"><span style=\"color: #000000;\">Tomy Gousset ouvre son premier restaurant Tomy and co en septembre 2016. Cette liaison &#8211; &amp;co &#8211; est alors LE symbole coh\u00e9rent et \u00e9vident : son associ\u00e9 et responsable du restaurant Michel Morais (rencontr\u00e9 au Meurice), son associ\u00e9 Ludovic Palomba, l\u2019architecte Richard Lafond, sa femme Constance et ses Collaborateurs, Tomy \u00e9crit \u00e0 pr\u00e9sent une nouvelle page de sa carri\u00e8re.<\/span><\/p>\n<p style=\"padding-left: 50px; padding-right: 50px; padding-top: 10px;\"><span style=\"color: #000000;\">Apr\u00e8s un passage \u00e0 l\u2019universit\u00e9, Tomy recherche le concret et se r\u00e9oriente vers la cuisine. Attir\u00e9 par la cr\u00e9ation et le plaisir qu\u2019elle lui procure, il rentre \u00e0 Ferrandi, \u00e0 l\u2019\u00e2ge de 23 ans, o\u00f9 il aura une r\u00e9v\u00e9lation : il mettra sa vie au service de la table et de ses clients.<\/p>\n<div class=\"uk-margin\" style=\"padding-left: 50px;\">\n<p><a class=\"el-content uk-button uk-button-secondary\" href=\"#js-c11\" uk-toggle=\"\"><br \/>\nLire la suite<br \/>\n<\/a><\/p>\n<div id=\"js-c11\" class=\"uk-flex-top uk-modal\" uk-modal=\"\">\n<div class=\"uk-modal-dialog uk-width-auto uk-margin-auto-vertical\">\n        <button class=\"uk-modal-close-outside uk-close uk-icon\" type=\"button\" uk-close=\"\"><svg width=\"14\" height=\"14\" viewBox=\"0 0 14 14\" xmlns=\"http:\/\/www.w3.org\/2000\/svg\" data-svg=\"close-icon\"><line fill=\"none\" stroke=\"#000\" stroke-width=\"1.1\" x1=\"1\" y1=\"1\" x2=\"13\" y2=\"13\"><\/line><line fill=\"none\" stroke=\"#000\" stroke-width=\"1.1\" x1=\"13\" y1=\"1\" x2=\"1\" y2=\"13\"><\/line><\/svg><\/button><br \/>\n        <iframe loading=\"lazy\" src=\"\/marso-and-co\/chef-tomy-gousset\" width=\"600\" height=\"600\" frameborder=\"0\" uk-responsive=\"\" class=\"uk-responsive-width\"><\/iframe>    <\/div>\n<\/div>\n<\/div>\n<\/div>\n<\/li>\n<li>\n<p>        <img decoding=\"async\" src=\"\/visuels-tg\/chef-marso.jpg\" alt=\"\"><\/p>\n<\/li>\n<\/ul>\n<p><!-- {\"type\":\"layout\",\"children\":[{\"type\":\"section\",\"props\":{\"style\":\"default\",\"width\":\"\",\"vertical_align\":\"middle\",\"title_position\":\"top-left\",\"title_rotation\":\"left\",\"title_breakpoint\":\"xl\",\"image_position\":\"center-center\",\"text_color\":\"\",\"width_expand\":\"\",\"height\":\"\",\"padding\":\"\",\"header_transparent\":\"\",\"animation\":\"\",\"padding_remove_top\":true,\"padding_remove_bottom\":true,\"title\":\"\"},\"children\":[{\"type\":\"row\",\"props\":{\"layout\":\",3-4\",\"breakpoint\":\"m\",\"fixed_width\":\"large\",\"gutter\":\"collapse\",\"width\":\"\",\"width_expand\":\"\",\"height\":\"\",\"margin\":\"\"},\"children\":[{\"type\":\"column\",\"props\":{\"widths\":[\"\"],\"image_position\":\"top-center\",\"media_overlay_gradient\":\"\",\"vertical_align\":\"\",\"style\":\"secondary\",\"text_color\":\"\",\"padding\":\"\",\"image\":\"\\\/visuels-tg\\\/pave-marso2.png\",\"image_size\":\"contain\",\"image_effect\":\"\",\"image_parallax_breakpoint\":\"\",\"image_visibility\":\"m\",\"media_blend_mode\":\"\"},\"children\":[{\"type\":\"image\",\"props\":{\"margin\":\"remove-vertical\",\"image_svg_color\":\"emphasis\",\"link_target\":\"\",\"image_border\":\"\",\"image_box_shadow\":\"\",\"image_hover_box_shadow\":\"\",\"image_box_decoration\":\"\",\"text_align\":\"center\",\"text_align_breakpoint\":\"\",\"text_align_fallback\":\"\",\"maxwidth\":\"\",\"maxwidth_align\":\"\",\"maxwidth_breakpoint\":\"\",\"animation\":\"fade\",\"visibility\":\"m\",\"image\":\"\\\/visuels-tg\\\/pave-hugo-blank.png\",\"link\":\"\\\/marso-and-co\\\/\",\"container_padding_remove\":true}},{\"type\":\"list\",\"props\":{\"show_image\":true,\"show_link\":true,\"image_svg_color\":\"emphasis\",\"image_align\":\"left\",\"image_vertical_align\":true,\"list_style\":\"\",\"content_style\":\"bold\",\"image_border\":\"\",\"icon_color\":\"\",\"link_style\":\"\",\"text_align\":\"left\",\"text_align_breakpoint\":\"\",\"text_align_fallback\":\"\",\"maxwidth\":\"\",\"maxwidth_align\":\"\",\"maxwidth_breakpoint\":\"\",\"margin\":\"\",\"animation\":\"slide-left\",\"visibility\":\"m\",\"list_size\":false,\"icon\":\"\",\"id\":\"\",\"class\":\"menuhugo\",\"css\":\".menuhugo {color:#538447;\"},\"children\":[{\"type\":\"list_item\",\"props\":{\"icon_color\":\"\",\"content\":\"LE RESTAURANT\",\"link\":\"\\\/marso-and-co\\\/le-restaurant\"}},{\"type\":\"list_item\",\"props\":{\"icon_color\":\"\",\"content\":\"LE CHEF\",\"image\":\"\",\"link\":\"\\\/marso-and-co\\\/le-chef\"}},{\"type\":\"list_item\",\"props\":{\"icon_color\":\"\",\"content\":\"L'\\u00c9QUIPE\",\"link\":\"\\\/marso-and-co\\\/equipe\"}},{\"type\":\"list_item\",\"props\":{\"icon_color\":\"\",\"content\":\"LA CARTE\",\"link\":\"\\\/marso-and-co\\\/la-carte\"}},{\"type\":\"list_item\",\"props\":{\"icon_color\":\"\",\"content\":\"S'Y RENDRE\",\"link\":\"\\\/marso-and-co\\\/situation\"}},{\"type\":\"list_item\",\"props\":{\"icon_color\":\"\",\"content\":\"NOUS SUIVRE\",\"link\":\"\\\/marso-and-co\\\/nous-suivre\\\/\"}}]},{\"type\":\"button\",\"props\":{\"gutter\":\"small\",\"margin\":\"small\",\"button_size\":\"small\",\"text_align\":\"\",\"text_align_breakpoint\":\"\",\"text_align_fallback\":\"\",\"maxwidth\":\"\",\"maxwidth_align\":\"\",\"maxwidth_breakpoint\":\"\",\"animation\":\"slide-left\",\"visibility\":\"m\",\"css\":\"\",\"class\":\"\"},\"children\":[{\"type\":\"button_item\",\"props\":{\"button_style\":\"default\",\"icon_align\":\"left\",\"link_target\":\"\",\"content\":\"R\\u00e9server\",\"link\":\"reserver\"}},{\"type\":\"button_item\",\"props\":{\"button_style\":\"secondary\",\"icon_align\":\"left\",\"link_target\":\"modal\",\"content\":\"VID\\u00c9O\",\"link\":\"https:\\\/\\\/vimeo.com\\\/360331129\",\"lightbox_width\":\"960\",\"lightbox_height\":\"540\",\"icon\":\"play-circle\"}},{\"type\":\"button_item\",\"props\":{\"button_style\":\"link-muted\",\"icon_align\":\"left\",\"link_target\":\"modal\",\"content\":\"S'abonner \\u00e0 notre newsletter\",\"lightbox_width\":\"960\",\"lightbox_height\":\"540\",\"icon\":\"mail\",\"link\":\"https:\\\/\\\/leadfoxcloud.com\\\/public\\\/5e207707763e640e8647d15e\\\/\"}}],\"name\":\"LIENS3\"},{\"type\":\"text\",\"props\":{\"margin\":\"default\",\"column_breakpoint\":\"m\",\"text_style\":\"\",\"text_color\":\"\",\"text_size\":\"\",\"column\":\"\",\"text_align\":\"\",\"text_align_breakpoint\":\"\",\"text_align_fallback\":\"\",\"maxwidth\":\"\",\"maxwidth_align\":\"\",\"maxwidth_breakpoint\":\"\",\"animation\":\"\",\"visibility\":\"m\",\"content\":\"\n\n<p style=\\\"font-size: 0.8em;\\\">Du lundi au vendredi<br \\\/>12h00 &gt; 14h00<br \\\/>19h15 &gt; 22h00<\\\/p>\"}},{\"type\":\"text\",\"props\":{\"margin\":\"default\",\"column_breakpoint\":\"m\",\"text_style\":\"\",\"text_color\":\"\",\"text_size\":\"\",\"column\":\"\",\"text_align\":\"\",\"text_align_breakpoint\":\"\",\"text_align_fallback\":\"\",\"maxwidth\":\"\",\"maxwidth_align\":\"\",\"maxwidth_breakpoint\":\"\",\"animation\":\"\",\"visibility\":\"m\",\"content\":\"\n\n<p style=\\\"font-size: 0.8em;\\\">16 rue Vulpian<br \\\/>75013 Paris<\\\/p>\\n\n\n<p>T. 01 45 87 37 00<\\\/p>\"}},{\"type\":\"divider\",\"props\":{\"divider_element\":\"hr\",\"divider_style\":\"\",\"divider_align\":\"\",\"divider_align_breakpoint\":\"\",\"divider_align_fallback\":\"\",\"maxwidth\":\"\",\"maxwidth_align\":\"\",\"maxwidth_breakpoint\":\"\",\"margin\":\"\",\"animation\":\"\",\"visibility\":\"m\"}},{\"type\":\"text\",\"props\":{\"margin\":\"small\",\"column_breakpoint\":\"m\",\"text_style\":\"meta\",\"text_color\":\"\",\"text_size\":\"\",\"column\":\"\",\"text_align\":\"\",\"text_align_breakpoint\":\"\",\"text_align_fallback\":\"\",\"maxwidth\":\"\",\"maxwidth_align\":\"\",\"maxwidth_breakpoint\":\"\",\"animation\":\"\",\"visibility\":\"m\",\"content\":\"\n\n<p>Restez en contact\\u2026<\\\/p>\",\"margin_remove_bottom\":true,\"margin_remove_top\":false}},{\"type\":\"text\",\"props\":{\"margin\":\"remove-vertical\",\"column_breakpoint\":\"m\",\"text_style\":\"meta\",\"text_color\":\"\",\"text_size\":\"\",\"column\":\"\",\"text_align\":\"\",\"text_align_breakpoint\":\"\",\"text_align_fallback\":\"\",\"maxwidth\":\"\",\"maxwidth_align\":\"\",\"maxwidth_breakpoint\":\"\",\"animation\":\"\",\"visibility\":\"m\",\"content\":\"\n\n<p style=\\\"font-size:0.8em;\\\"><a href=\\\"https:\\\/\\\/www.tomygousset.com\\\" target=\\\"_blank\\\" rel=\\\"noopener\\\">< Site Tomy Gousset <\\\/a> \\\/ <a class=\\\"el-link uk-link-muted uk-icon customize-unpreviewable\\\" target=\\\"_blank\\\" href=\\\"https:\\\/\\\/www.facebook.com\\\/Marsoco-251297955777992\\\/\\\" uk-icon=\\\"icon: facebook;\\\"><svg width=\\\"20\\\" height=\\\"20\\\" viewBox=\\\"0 0 20 20\\\" xmlns=\\\"http:\\\/\\\/www.w3.org\\\/2000\\\/svg\\\" data-svg=\\\"facebook\\\"><path d=\\\"M11,10h2.6l0.4-3H11V5.3c0-0.9,0.2-1.5,1.5-1.5H14V1.1c-0.3,0-1-0.1-2.1-0.1C9.6,1,8,2.4,8,5v2H5.5v3H8v8h3V10z\\\"><\\\/path><\\\/svg><\\\/a> <a class=\\\"el-link uk-link-muted uk-icon customize-unpreviewable\\\" target=\\\"_blank\\\" href=\\\"https:\\\/\\\/www.instagram.com\\\/restaurant_marsoandco\\\/\\\" uk-icon=\\\"icon: instagram;\\\"><svg width=\\\"20\\\" height=\\\"20\\\" viewBox=\\\"0 0 20 20\\\" xmlns=\\\"http:\\\/\\\/www.w3.org\\\/2000\\\/svg\\\" data-svg=\\\"instagram\\\"><path d=\\\"M13.55,1H6.46C3.45,1,1,3.44,1,6.44v7.12c0,3,2.45,5.44,5.46,5.44h7.08c3.02,0,5.46-2.44,5.46-5.44V6.44 C19.01,3.44,16.56,1,13.55,1z M17.5,14c0,1.93-1.57,3.5-3.5,3.5H6c-1.93,0-3.5-1.57-3.5-3.5V6c0-1.93,1.57-3.5,3.5-3.5h8 c1.93,0,3.5,1.57,3.5,3.5V14z\\\"><\\\/path><circle cx=\\\"14.87\\\" cy=\\\"5.26\\\" r=\\\"1.09\\\"><\\\/circle><path d=\\\"M10.03,5.45c-2.55,0-4.63,2.06-4.63,4.6c0,2.55,2.07,4.61,4.63,4.61c2.56,0,4.63-2.061,4.63-4.61 C14.65,7.51,12.58,5.45,10.03,5.45L10.03,5.45L10.03,5.45z M10.08,13c-1.66,0-3-1.34-3-2.99c0-1.65,1.34-2.99,3-2.99s3,1.34,3,2.99 C13.08,11.66,11.74,13,10.08,13L10.08,13L10.08,13z\\\"><\\\/path><\\\/svg><\\\/a><\\\/p>\",\"margin_remove_bottom\":true,\"margin_remove_top\":true}}]},{\"type\":\"column\",\"props\":{\"widths\":[\"3-4\"],\"image_position\":\"center-center\",\"media_overlay_gradient\":\"\",\"vertical_align\":\"\",\"style\":\"\",\"text_color\":\"\",\"padding\":\"none\",\"image\":\"\\\/visuels-tg\\\/fond-ivoire.png\",\"image_size\":\"cover\",\"image_effect\":\"\",\"image_parallax_breakpoint\":\"\",\"image_visibility\":\"\",\"media_blend_mode\":\"\",\"image_width\":\"\",\"css\":\"\"},\"children\":[{\"type\":\"grid\",\"props\":{\"show_title\":false,\"show_meta\":false,\"show_content\":true,\"show_image\":true,\"show_link\":false,\"grid_default\":\"1\",\"grid_medium\":\"2\",\"filter_style\":\"tab\",\"filter_all\":true,\"filter_position\":\"top\",\"filter_align\":\"left\",\"filter_grid_width\":\"auto\",\"filter_breakpoint\":\"m\",\"title_element\":\"h3\",\"meta_style\":\"meta\",\"meta_align\":\"bottom\",\"icon_ratio\":4,\"image_align\":\"top\",\"image_grid_width\":\"1-2\",\"image_breakpoint\":\"m\",\"image_svg_color\":\"emphasis\",\"link_text\":\"Read more\",\"link_style\":\"default\",\"margin\":\"default\",\"item_animation\":\"\",\"gutter\":\"collapse\",\"grid_small\":\"\",\"grid_large\":\"2\",\"grid_xlarge\":\"2\",\"filter_margin\":\"\",\"filter_gutter\":\"\",\"title_display\":\"\",\"content_display\":\"\",\"panel_style\":\"\",\"panel_size\":\"\",\"item_maxwidth\":\"\",\"title_style\":\"h1\",\"title_decoration\":\"\",\"title_color\":\"\",\"title_margin\":\"\",\"meta_color\":\"\",\"meta_margin\":\"\",\"content_style\":\"\",\"content_margin\":\"\",\"image_border\":\"\",\"image_box_shadow\":\"\",\"image_hover_box_shadow\":\"\",\"image_box_decoration\":\"\",\"icon_color\":\"\",\"image_gutter\":\"\",\"image_margin\":\"\",\"link_size\":\"\",\"link_margin\":\"\",\"text_align\":\"\",\"text_align_breakpoint\":\"\",\"text_align_fallback\":\"\",\"maxwidth\":\"\",\"maxwidth_align\":\"\",\"maxwidth_breakpoint\":\"\",\"visibility\":\"\",\"margin_remove_top\":false},\"children\":[{\"type\":\"grid_item\",\"props\":{\"content\":\"\n\n<h2 style=\\\"text-align: center;\\\"><span style=\\\"color: #000000;\\\"><br \\\/>UN CHEF<\\\/span><br \\\/><span style=\\\"color: #000000;\\\">AU PARCOURS <\\\/span><br \\\/><span style=\\\"color: #000000;\\\">\\u00c9M\\u00c9RITE<\\\/span><\\\/h2>\\n\n\n<hr style=\\\"margin-left: auto; margin-right: auto;\\\" width=\\\"50%\\\" \\\/>\\n\n\n<p style=\\\"padding-left: 50px; padding-right: 50px; padding-top: 10px;\\\"><span style=\\\"color: #000000;\\\">Tomy Gousset ouvre son premier restaurant Tomy and co en septembre 2016. Cette liaison - &amp;co - est alors LE symbole coh\\u00e9rent et \\u00e9vident : son associ\\u00e9 et responsable du restaurant Michel Morais (rencontr\\u00e9 au Meurice), son associ\\u00e9 Ludovic Palomba, l\\u2019architecte Richard Lafond, sa femme Constance et ses Collaborateurs, Tomy \\u00e9crit \\u00e0 pr\\u00e9sent une nouvelle page de sa carri\\u00e8re.<\\\/span><\\\/p>\\n\n\n<p style=\\\"padding-left: 50px; padding-right: 50px; padding-top: 10px;\\\"><span style=\\\"color: #000000;\\\">Apr\\u00e8s un passage \\u00e0 l\\u2019universit\\u00e9, Tomy recherche le concret et se r\\u00e9oriente vers la cuisine. Attir\\u00e9 par la cr\\u00e9ation et le plaisir qu\\u2019elle lui procure, il rentre \\u00e0 Ferrandi, \\u00e0 l\\u2019\\u00e2ge de 23 ans, o\\u00f9 il aura une r\\u00e9v\\u00e9lation : il mettra sa vie au service de la table et de ses clients.<\\\/p>\\n\\n\n\n<div class=\\\"uk-margin\\\" style=\\\"padding-left: 50px;\\\">\\n    \\n    \\n        \\n        \\n<a class=\\\"el-content uk-button uk-button-secondary\\\" href=\\\"#js-c11\\\" uk-toggle=\\\"\\\">\\nLire la suite\\n<\\\/a>\\n\\n\\n\n\n<div id=\\\"js-c11\\\" class=\\\"uk-flex-top uk-modal\\\" uk-modal=\\\"\\\">\\n    \n\n<div class=\\\"uk-modal-dialog uk-width-auto uk-margin-auto-vertical\\\">\\n        <button class=\\\"uk-modal-close-outside uk-close uk-icon\\\" type=\\\"button\\\" uk-close=\\\"\\\"><svg width=\\\"14\\\" height=\\\"14\\\" viewBox=\\\"0 0 14 14\\\" xmlns=\\\"http:\\\/\\\/www.w3.org\\\/2000\\\/svg\\\" data-svg=\\\"close-icon\\\"><line fill=\\\"none\\\" stroke=\\\"#000\\\" stroke-width=\\\"1.1\\\" x1=\\\"1\\\" y1=\\\"1\\\" x2=\\\"13\\\" y2=\\\"13\\\"><\\\/line><line fill=\\\"none\\\" stroke=\\\"#000\\\" stroke-width=\\\"1.1\\\" x1=\\\"13\\\" y1=\\\"1\\\" x2=\\\"1\\\" y2=\\\"13\\\"><\\\/line><\\\/svg><\\\/button>\\n        <iframe src=\\\"\\\/marso-and-co\\\/chef-tomy-gousset\\\" width=\\\"600\\\" height=\\\"600\\\" frameborder=\\\"0\\\" uk-responsive=\\\"\\\" class=\\\"uk-responsive-width\\\"><\\\/iframe>    <\\\/div>\\n<\\\/div>\\n\\n        \\n    \\n    \\n<\\\/div>\",\"title\":\"\"}},{\"type\":\"grid_item\",\"props\":{\"image\":\"\\\/visuels-tg\\\/chef-marso.jpg\",\"title\":\"\"}}]}]}]}]}],\"version\":\"1.18.15\",\"props\":[]} --><\/p>\n","protected":false},"excerpt":{"rendered":"<p>LE RESTAURANT LE CHEF L&rsquo;\u00c9QUIPE LA CARTE S&rsquo;Y RENDRE NOUS SUIVRE R\u00e9server VID\u00c9O S&rsquo;abonner \u00e0 notre newsletter Du lundi au vendredi12h00 &gt; 14h0019h15 &gt; 22h00 16 rue Vulpian75013 Paris T. 01 45 87 37 00 Restez en contact\u2026 < Site Tomy Gousset \/ UN CHEFAU PARCOURS \u00c9M\u00c9RITE Tomy Gousset ouvre son premier restaurant Tomy and [&hellip;]\n<\/p>\n","protected":false},"author":1,"featured_media":0,"parent":0,"menu_order":0,"comment_status":"closed","ping_status":"closed","template":"","meta":{"_monsterinsights_skip_tracking":false,"_monsterinsights_sitenote_active":false,"_monsterinsights_sitenote_note":"","_monsterinsights_sitenote_category":0,"footnotes":""},"class_list":["post-102","page","type-page","status-publish","hentry"],"_links":{"self":[{"href":"https:\/\/www.tomygousset.com\/marso-and-co\/wp-json\/wp\/v2\/pages\/102","targetHints":{"allow":["GET"]}}],"collection":[{"href":"https:\/\/www.tomygousset.com\/marso-and-co\/wp-json\/wp\/v2\/pages"}],"about":[{"href":"https:\/\/www.tomygousset.com\/marso-and-co\/wp-json\/wp\/v2\/types\/page"}],"author":[{"embeddable":true,"href":"https:\/\/www.tomygousset.com\/marso-and-co\/wp-json\/wp\/v2\/users\/1"}],"replies":[{"embeddable":true,"href":"https:\/\/www.tomygousset.com\/marso-and-co\/wp-json\/wp\/v2\/comments?post=102"}],"version-history":[{"count":0,"href":"https:\/\/www.tomygousset.com\/marso-and-co\/wp-json\/wp\/v2\/pages\/102\/revisions"}],"wp:attachment":[{"href":"https:\/\/www.tomygousset.com\/marso-and-co\/wp-json\/wp\/v2\/media?parent=102"}],"curies":[{"name":"wp","href":"https:\/\/api.w.org\/{rel}","templated":true}]}}