{"id":93,"date":"2019-03-15T13:33:41","date_gmt":"2019-03-15T12:33:41","guid":{"rendered":"http:\/\/tomygousset.s26722.manumartin.atester.fr\/marso-and-co\/?page_id=93"},"modified":"2025-10-09T17:37:47","modified_gmt":"2025-10-09T15:37:47","slug":"la-carte","status":"publish","type":"page","link":"https:\/\/www.tomygousset.com\/marso-and-co\/la-carte\/","title":{"rendered":"La carte"},"content":{"rendered":"<p><a href=\"\/marso-and-co\/\"><img decoding=\"async\" src=\"\/visuels-tg\/pave-hugo-blank.png\" alt=\"\"><\/a><\/p>\n<ul>\n<li>\n<p><a href=\"\/marso-and-co\/le-restaurant\">LE RESTAURANT<\/a><\/p>\n<\/li>\n<li>\n<p><a href=\"\/marso-and-co\/le-chef\">LE CHEF<\/a><\/p>\n<\/li>\n<li>\n<p><a href=\"\/marso-and-co\/equipe\">L&rsquo;\u00c9QUIPE<\/a><\/p>\n<\/li>\n<li>\n<p><a href=\"\/marso-and-co\/la-carte\">LA CARTE<\/a><\/p>\n<\/li>\n<li>\n<p><a href=\"\/marso-and-co\/situation\">S&rsquo;Y RENDRE<\/a><\/p>\n<\/li>\n<li>\n<p><a href=\"\/marso-and-co\/nous-suivre\/\">NOUS SUIVRE<\/a><\/p>\n<\/li>\n<\/ul>\n<ul>\n<li>\n<p>\n        <a href=\"\/marso-and-co\/reserver\">R\u00e9server<\/a>\n    <\/p>\n<\/li>\n<li>\n<p>\n        <a href=\"https:\/\/vimeo.com\/360331129\">VID\u00c9O<\/a>\n    <\/p>\n<\/li>\n<li>\n<p>\n        <a href=\"https:\/\/leadfoxcloud.com\/public\/5e207707763e640e8647d15e\/\">S&rsquo;abonner \u00e0 notre newsletter<\/a>\n    <\/p>\n<\/li>\n<\/ul>\n<div>\n<p style=\"font-size: 0.8em;\">Du lundi au vendredi<br \/>12h00 &gt; 14h00<br \/>19h15 &gt; 22h00<\/p>\n<\/div>\n<div>\n<p style=\"font-size: 0.8em;\">16 rue Vulpian<br \/>75013 Paris<\/p>\n<p>T. 01 45 87 37 00<\/p>\n<\/div>\n<hr>\n<div>\n<p>Restez en contact\u2026<\/p>\n<\/div>\n<div>\n<p style=\"font-size:0.8em;\"><a href=\"https:\/\/www.tomygousset.com\" target=\"_blank\" rel=\"noopener\">< Site Tomy Gousset <\/a> \/ <a class=\"el-link uk-link-muted uk-icon customize-unpreviewable\" target=\"_blank\" href=\"https:\/\/www.facebook.com\/Marsoco-251297955777992\/\" uk-icon=\"icon: facebook;\"><svg width=\"20\" height=\"20\" viewBox=\"0 0 20 20\" xmlns=\"http:\/\/www.w3.org\/2000\/svg\" data-svg=\"facebook\"><path d=\"M11,10h2.6l0.4-3H11V5.3c0-0.9,0.2-1.5,1.5-1.5H14V1.1c-0.3,0-1-0.1-2.1-0.1C9.6,1,8,2.4,8,5v2H5.5v3H8v8h3V10z\"><\/path><\/svg><\/a> <a class=\"el-link uk-link-muted uk-icon customize-unpreviewable\" target=\"_blank\" href=\"https:\/\/www.instagram.com\/restaurant_marsoandco\/\" uk-icon=\"icon: instagram;\"><svg width=\"20\" height=\"20\" viewBox=\"0 0 20 20\" xmlns=\"http:\/\/www.w3.org\/2000\/svg\" data-svg=\"instagram\"><path d=\"M13.55,1H6.46C3.45,1,1,3.44,1,6.44v7.12c0,3,2.45,5.44,5.46,5.44h7.08c3.02,0,5.46-2.44,5.46-5.44V6.44 C19.01,3.44,16.56,1,13.55,1z M17.5,14c0,1.93-1.57,3.5-3.5,3.5H6c-1.93,0-3.5-1.57-3.5-3.5V6c0-1.93,1.57-3.5,3.5-3.5h8 c1.93,0,3.5,1.57,3.5,3.5V14z\"><\/path><circle cx=\"14.87\" cy=\"5.26\" r=\"1.09\"><\/circle><path d=\"M10.03,5.45c-2.55,0-4.63,2.06-4.63,4.6c0,2.55,2.07,4.61,4.63,4.61c2.56,0,4.63-2.061,4.63-4.61 C14.65,7.51,12.58,5.45,10.03,5.45L10.03,5.45L10.03,5.45z M10.08,13c-1.66,0-3-1.34-3-2.99c0-1.65,1.34-2.99,3-2.99s3,1.34,3,2.99 C13.08,11.66,11.74,13,10.08,13L10.08,13L10.08,13z\"><\/path><\/svg><\/a><\/p>\n<\/div>\n<h2><span style=\"color: #10515a;\">La carte<\/span><\/h2>\n<div>\n\n\n<div>\n\n        \n<ul class=\"uk-subnav uk-subnav-pill uk-flex-left\" uk-switcher=\"connect: #wk-347\" uk-margin>\n        <li><a href>Carte des vins au verre<\/a><\/li>\n        <li><a href>Carte<\/a><\/li>\n<\/ul>\n\n    \n    \n<ul id=\"wk-347\" class=\"uk-switcher uk-text-left uk-margin-top\">\n\n    \n    <li>\n        <div class=\"uk-panel\">\n\n            \n            \n            \n            \n                        <div class=\"uk-margin\"><p style=\"text-align: center\"><em>Les vins au verre<\/em>\r\n<em>Servis au verre 15cl<\/em><\/p>\r\n<p style=\"text-align: center\"><em>Les bulles<\/em><\/p>\r\n<p style=\"text-align: center\"><em>DOC Prosecco \u00ab Dry Tondo \u00bb - Domaine Paladin - Italie 6.5\u20ac<\/em>\r\n<em>AOP Cr\u00e9mant de Bourgogne \u00ab Blanc de Noir \u00bb - Domaine Vitteaut - Alberti 9\u20ac<\/em>\r\n<em>AOP Champagne Huguenot Tassin \u00ab Vintage 2017 \u00bb 16\u20ac<\/em><\/p>\r\n<p style=\"text-align: center\"><em>Vins Ros\u00e9<\/em><\/p>\r\n<p style=\"text-align: center\"><em>2022 IGP M\u00e9diterran\u00e9e \u00ab Effront\u00e9\u2019e \u00bb - Ch\u00e2teau les Valentines 6.5\u20ac<\/em><\/p>\r\n<p style=\"text-align: center\"><em>Vins Blancs<\/em><\/p>\r\n<p style=\"text-align: center\"><em>2022 IGP Pays d\u2019Oc \u2013 La Bergerie des Centenaires 6.5\u20ac<\/em>\r\n<em>2023 IGP Collines Rhodaniennes \u00ab Petit Viognier \u00bb - Domaine du Monteillet 8\u20ac<\/em>\r\n<em>2022 AOP Bourgogne Chardonnay - Domaine Benoit Girardin 9\u20ac<\/em><\/p>\r\n<p style=\"text-align: center\"><em>Vins Rouges<\/em><\/p>\r\n<p style=\"text-align: center\"><em>2020 AOP Minervois \u00abAlv\u00e9oline\u00bb - Domaine Rouanet Montc\u00e9l\u00e8bre 7.5\u20ac<\/em>\r\n<em>2022 AOP Bourgogne Pinot Noir - Domaine Benoit Girardin 9\u20ac<\/em>\r\n<em>2022 AOP Costi\u00e8res-de-N\u00eemes \u00ab La Sommeli\u00e8re \u00bb - Ch\u00e2teau de Campuget 10\u20ac<\/em><\/p>\r\n<p style=\"text-align: center\"><em>Prix nets &amp; service compris<\/em><\/p><\/div>\n            \n            \n            \n            \n            \n        <\/div>\n    <\/li>\n\n\n    \n    <li>\n        <div class=\"uk-panel\">\n\n            \n            \n            \n            \n                        <div class=\"uk-margin\"><p style=\"text-align: center\"><em>Menu MARSO<\/em><\/p>\r\n<p style=\"text-align: center\"><em>Entr\u00e9e + Plat + Dessert 46 \u20ac<\/em><\/p>\r\n<p style=\"text-align: center\"><em>Entr\u00e9e + Plat ou Plat + Dessert 37 \u20ac<\/em><\/p>\r\n<p style=\"text-align: center\"><em>Entr\u00e9es<\/em><\/p>\r\n<p style=\"text-align: center\"><em>Asperges vertes \/jambon de pays\/b\u00e9chamel au comt\u00e9<\/em><\/p>\r\n<p style=\"text-align: center\"><em>Mousse de betteraves \/ f\u00eata \/ s\u00e9sames grill\u00e9es \/tuile de brick<\/em><\/p>\r\n<p style=\"text-align: center\"><em>\u0152uf parfait \/cr\u00e8me de petits pois\/endives \/ ma\u00efs \/ noisette<\/em><\/p>\r\n<p style=\"text-align: center\"><em>Asperges blanches \/ yaourt aux herbes \/ copeaux de choux fleur<\/em><\/p>\r\n<p style=\"text-align: center\"><em>Plats<\/em><\/p>\r\n<p style=\"text-align: center\"><em>Seiches po\u00eal\u00e9es \/ fr\u00e9gola \/ pesto poivron rouge \/ petits pois \/ c\u00e2pres<\/em><\/p>\r\n<p style=\"text-align: center\"><em>Paleron de b\u0153uf \/ poireaux \u00e9tuv\u00e9s \/ lard croustillant \/ shimeji<\/em><\/p>\r\n<p style=\"text-align: center\"><em>Dorade r\u00f4tie \/ polenta cr\u00e9meuse \/ ails des ours \/pomelos<\/em><\/p>\r\n<p style=\"text-align: center\"><em>Supr\u00eame volaille \/ asperges vertes \/ choux fleur \/ cacahu\u00e8tes \/ citron<\/em><\/p>\r\n<p style=\"text-align: center\"><em>Suggestion<\/em><\/p>\r\n<p style=\"text-align: center\"><em>C\u00f4te de b\u0153uf 1kg, pommes grenailles, pour 2 pers 95\u20ac<\/em><\/p>\r\n<p style=\"text-align: center\"><em>Desserts<\/em><\/p>\r\n<p style=\"text-align: center\"><em>Panacotta \/ fraises gariguettes \/ basilic<\/em><\/p>\r\n<p style=\"text-align: center\"><em>Cheesecake chocolat \/ cr\u00e8me de s\u00e9same noir \/ huile d\u2019olive<\/em><\/p>\r\n<p style=\"text-align: center\"><em>Millefeuille de brick \/ citron \/ cr\u00e8me coco<\/em><\/p>\r\n<p style=\"text-align: center\"><em>Rhubarbe \/ hibiscus \/ cr\u00e8me de ricotta \/kada\u00eff<\/em>\r\n\r\n<\/p><\/div>\n            \n            \n            \n            \n            \n        <\/div>\n    <\/li>\n\n<\/ul>\n\n    \n<\/div>\n\n\n<\/div>\n<hr>\n<ul>\n<li>\n<p>\n        <a href=\"\/marso-and-co\/wp-content\/uploads\/sites\/6\/2025\/10\/CARTE-FOOD-MARSO-A4.pdf\">CARTE<\/a>\n    <\/p>\n<\/li>\n<li>\n<p>\n        <a href=\"\/marso-and-co\/wp-content\/uploads\/sites\/6\/2025\/10\/CARTE-VINS-MARSO-A4.pdf\">CARTE DES VINS<\/a>\n    <\/p>\n<\/li>\n<\/ul>\n<div>\n<p><span style=\"color: #000000;\">Toutes nos cartes sont susceptibles de changer au court des saisons et des arrivages.<\/span><\/p>\n<\/div>\n<p><!--more--><br \/>\n<!-- {\"type\":\"layout\",\"children\":[{\"type\":\"section\",\"props\":{\"animation\":\"fade\",\"image_position\":\"center-center\",\"padding_remove_bottom\":true,\"padding_remove_top\":true,\"style\":\"default\",\"title_breakpoint\":\"xl\",\"title_position\":\"top-left\",\"title_rotation\":\"left\",\"vertical_align\":\"\",\"width\":\"\"},\"children\":[{\"type\":\"row\",\"props\":{\"column_gap\":\"collapse\",\"layout\":\"1-4,3-4\",\"row_gap\":\"collapse\"},\"children\":[{\"type\":\"column\",\"props\":{\"image\":\"\\\/visuels-tg\\\/pave-marso2.png\",\"image_position\":\"top-center\",\"image_size\":\"contain\",\"media_visibility\":\"m\",\"position_sticky_breakpoint\":\"m\",\"style\":\"tile-secondary\",\"width_medium\":\"1-4\"},\"children\":[{\"type\":\"image\",\"props\":{\"animation\":\"fade\",\"container_padding_remove\":true,\"image\":\"\\\/visuels-tg\\\/pave-hugo-blank.png\",\"image_svg_color\":\"emphasis\",\"link\":\"\\\/marso-and-co\\\/\",\"margin\":\"remove-vertical\",\"text_align\":\"center\",\"visibility\":\"m\"}},{\"type\":\"list\",\"props\":{\"animation\":\"slide-left\",\"class\":\"menuhugo\",\"column_breakpoint\":\"m\",\"content_style\":\"text-bold\",\"css\":\".menuhugo {color:#538447;\",\"image_align\":\"left\",\"image_svg_color\":\"emphasis\",\"image_vertical_align\":true,\"list_element\":\"ul\",\"list_horizontal_separator\":\", \",\"list_type\":\"vertical\",\"show_image\":true,\"show_link\":true,\"text_align\":\"left\",\"visibility\":\"m\"},\"children\":[{\"type\":\"list_item\",\"props\":{\"content\":\"LE RESTAURANT\",\"link\":\"\\\/marso-and-co\\\/le-restaurant\"}},{\"type\":\"list_item\",\"props\":{\"content\":\"LE CHEF\",\"image\":\"\",\"link\":\"\\\/marso-and-co\\\/le-chef\"}},{\"type\":\"list_item\",\"props\":{\"content\":\"L'\\u00c9QUIPE\",\"link\":\"\\\/marso-and-co\\\/equipe\"}},{\"type\":\"list_item\",\"props\":{\"content\":\"LA CARTE\",\"link\":\"\\\/marso-and-co\\\/la-carte\"}},{\"type\":\"list_item\",\"props\":{\"content\":\"S'Y RENDRE\",\"link\":\"\\\/marso-and-co\\\/situation\"}},{\"type\":\"list_item\",\"props\":{\"content\":\"NOUS SUIVRE\",\"link\":\"\\\/marso-and-co\\\/nous-suivre\\\/\"}}]},{\"type\":\"button\",\"props\":{\"animation\":\"slide-left\",\"button_size\":\"small\",\"grid_column_gap\":\"small\",\"grid_row_gap\":\"small\",\"margin\":\"small\",\"visibility\":\"m\"},\"children\":[{\"type\":\"button_item\",\"props\":{\"button_style\":\"default\",\"content\":\"R\\u00e9server\",\"dialog_layout\":\"modal\",\"dialog_offcanvas_flip\":true,\"icon_align\":\"left\",\"link\":\"reserver\"}},{\"type\":\"button_item\",\"props\":{\"button_style\":\"secondary\",\"content\":\"VID\\u00c9O\",\"dialog_layout\":\"modal\",\"dialog_offcanvas_flip\":true,\"icon\":\"play-circle\",\"icon_align\":\"left\",\"image_height\":\"540\",\"image_width\":\"960\",\"link\":\"https:\\\/\\\/vimeo.com\\\/360331129\",\"link_target\":\"modal\"}},{\"type\":\"button_item\",\"props\":{\"button_style\":\"link-muted\",\"content\":\"S'abonner \\u00e0 notre newsletter\",\"dialog_layout\":\"modal\",\"dialog_offcanvas_flip\":true,\"icon\":\"mail\",\"icon_align\":\"left\",\"image_height\":\"540\",\"image_width\":\"960\",\"link\":\"https:\\\/\\\/leadfoxcloud.com\\\/public\\\/5e207707763e640e8647d15e\\\/\",\"link_target\":\"modal\"}}],\"name\":\"LIENS3\"},{\"type\":\"text\",\"props\":{\"column_breakpoint\":\"m\",\"content\":\"\n\n<p style=\\\"font-size: 0.8em;\\\">Du lundi au vendredi<br \\\/>12h00 &gt; 14h00<br \\\/>19h15 &gt; 22h00<\\\/p>\",\"margin\":\"default\",\"visibility\":\"m\"}},{\"type\":\"text\",\"props\":{\"column_breakpoint\":\"m\",\"content\":\"\n\n<p style=\\\"font-size: 0.8em;\\\">16 rue Vulpian<br \\\/>75013 Paris<\\\/p>\\n\n\n<p>T. 01 45 87 37 00<\\\/p>\",\"margin\":\"default\",\"visibility\":\"m\"}},{\"type\":\"divider\",\"props\":{\"divider_element\":\"hr\",\"visibility\":\"m\"}},{\"type\":\"text\",\"props\":{\"column_breakpoint\":\"m\",\"content\":\"\n\n<p>Restez en contact\\u2026<\\\/p>\",\"margin\":\"small\",\"margin_remove_bottom\":true,\"margin_remove_top\":false,\"text_style\":\"meta\",\"visibility\":\"m\"}},{\"type\":\"text\",\"props\":{\"column_breakpoint\":\"m\",\"content\":\"\n\n<p style=\\\"font-size:0.8em;\\\"><a href=\\\"https:\\\/\\\/www.tomygousset.com\\\" target=\\\"_blank\\\" rel=\\\"noopener\\\">< Site Tomy Gousset <\\\/a> \\\/ <a class=\\\"el-link uk-link-muted uk-icon customize-unpreviewable\\\" target=\\\"_blank\\\" href=\\\"https:\\\/\\\/www.facebook.com\\\/Marsoco-251297955777992\\\/\\\" uk-icon=\\\"icon: facebook;\\\"><svg width=\\\"20\\\" height=\\\"20\\\" viewBox=\\\"0 0 20 20\\\" xmlns=\\\"http:\\\/\\\/www.w3.org\\\/2000\\\/svg\\\" data-svg=\\\"facebook\\\"><path d=\\\"M11,10h2.6l0.4-3H11V5.3c0-0.9,0.2-1.5,1.5-1.5H14V1.1c-0.3,0-1-0.1-2.1-0.1C9.6,1,8,2.4,8,5v2H5.5v3H8v8h3V10z\\\"><\\\/path><\\\/svg><\\\/a> <a class=\\\"el-link uk-link-muted uk-icon customize-unpreviewable\\\" target=\\\"_blank\\\" href=\\\"https:\\\/\\\/www.instagram.com\\\/restaurant_marsoandco\\\/\\\" uk-icon=\\\"icon: instagram;\\\"><svg width=\\\"20\\\" height=\\\"20\\\" viewBox=\\\"0 0 20 20\\\" xmlns=\\\"http:\\\/\\\/www.w3.org\\\/2000\\\/svg\\\" data-svg=\\\"instagram\\\"><path d=\\\"M13.55,1H6.46C3.45,1,1,3.44,1,6.44v7.12c0,3,2.45,5.44,5.46,5.44h7.08c3.02,0,5.46-2.44,5.46-5.44V6.44 C19.01,3.44,16.56,1,13.55,1z M17.5,14c0,1.93-1.57,3.5-3.5,3.5H6c-1.93,0-3.5-1.57-3.5-3.5V6c0-1.93,1.57-3.5,3.5-3.5h8 c1.93,0,3.5,1.57,3.5,3.5V14z\\\"><\\\/path><circle cx=\\\"14.87\\\" cy=\\\"5.26\\\" r=\\\"1.09\\\"><\\\/circle><path d=\\\"M10.03,5.45c-2.55,0-4.63,2.06-4.63,4.6c0,2.55,2.07,4.61,4.63,4.61c2.56,0,4.63-2.061,4.63-4.61 C14.65,7.51,12.58,5.45,10.03,5.45L10.03,5.45L10.03,5.45z M10.08,13c-1.66,0-3-1.34-3-2.99c0-1.65,1.34-2.99,3-2.99s3,1.34,3,2.99 C13.08,11.66,11.74,13,10.08,13L10.08,13L10.08,13z\\\"><\\\/path><\\\/svg><\\\/a><\\\/p>\",\"margin\":\"remove-vertical\",\"margin_remove_bottom\":true,\"margin_remove_top\":true,\"text_style\":\"meta\",\"visibility\":\"m\"}}]},{\"type\":\"column\",\"props\":{\"image\":\"\\\/visuels-tg\\\/fond-carte.png\",\"image_position\":\"center-center\",\"image_size\":\"cover\",\"padding\":\"small\",\"position_sticky_breakpoint\":\"m\",\"width_medium\":\"3-4\"},\"children\":[{\"type\":\"headline\",\"props\":{\"content\":\"<span style=\\\"color: #10515a;\\\">La carte<\\\/span>\",\"margin\":\"large\",\"text_align\":\"right\",\"title_element\":\"h2\",\"title_style\":\"h1\"}},{\"type\":\"text\",\"props\":{\"column_breakpoint\":\"m\",\"content\":\"\n\n<p>[widgetkit id=\\\"2\\\"]<\\\/p>\",\"margin\":\"default\",\"visibility\":\"s\"}},{\"type\":\"divider\",\"props\":{\"divider_element\":\"hr\",\"divider_style\":\"small\",\"visibility\":\"s\"}},{\"type\":\"button\",\"props\":{\"animation\":\"scale-up\",\"button_size\":\"large\",\"fullwidth\":false,\"grid_column_gap\":\"medium\",\"grid_row_gap\":\"medium\",\"margin\":\"default\",\"text_align\":\"center\"},\"children\":[{\"type\":\"button_item\",\"props\":{\"button_style\":\"primary\",\"content\":\"CARTE\",\"dialog_layout\":\"modal\",\"dialog_offcanvas_flip\":true,\"icon\":\"download\",\"icon_align\":\"left\",\"link\":\"\\\/marso-and-co\\\/wp-content\\\/uploads\\\/sites\\\/6\\\/2025\\\/10\\\/CARTE-FOOD-MARSO-A4.pdf\",\"link_target\":\"blank\"}},{\"type\":\"button_item\",\"props\":{\"button_style\":\"secondary\",\"content\":\"CARTE DES VINS\",\"dialog_layout\":\"modal\",\"dialog_offcanvas_flip\":true,\"icon\":\"download\",\"icon_align\":\"left\",\"link\":\"\\\/marso-and-co\\\/wp-content\\\/uploads\\\/sites\\\/6\\\/2025\\\/10\\\/CARTE-VINS-MARSO-A4.pdf\",\"link_target\":\"blank\"}}]},{\"type\":\"text\",\"props\":{\"column_breakpoint\":\"m\",\"content\":\"\n\n<p><span style=\\\"color: #000000;\\\">Toutes nos cartes sont susceptibles de changer au court des saisons et des arrivages.<\\\/span><\\\/p>\",\"margin\":\"default\",\"text_align\":\"center\",\"text_style\":\"meta\",\"visibility\":\"s\"}}]}]}]}],\"version\":\"4.5.25\"} --><\/p>\n","protected":false},"excerpt":{"rendered":"<p>LE RESTAURANT LE CHEF L&rsquo;\u00c9QUIPE LA CARTE S&rsquo;Y RENDRE NOUS SUIVRE R\u00e9server VID\u00c9O S&rsquo;abonner \u00e0 notre newsletter Du lundi au vendredi12h00 &gt; 14h0019h15 &gt; 22h00 16 rue Vulpian75013 Paris T. 01 45 87 37 00 Restez en contact\u2026 < Site Tomy Gousset \/ La carte CARTE CARTE DES VINS Toutes nos cartes sont susceptibles de [&hellip;]\n<\/p>\n","protected":false},"author":1,"featured_media":0,"parent":0,"menu_order":0,"comment_status":"closed","ping_status":"closed","template":"","meta":{"_monsterinsights_skip_tracking":false,"_monsterinsights_sitenote_active":false,"_monsterinsights_sitenote_note":"","_monsterinsights_sitenote_category":0,"footnotes":""},"class_list":["post-93","page","type-page","status-publish","hentry"],"_links":{"self":[{"href":"https:\/\/www.tomygousset.com\/marso-and-co\/wp-json\/wp\/v2\/pages\/93","targetHints":{"allow":["GET"]}}],"collection":[{"href":"https:\/\/www.tomygousset.com\/marso-and-co\/wp-json\/wp\/v2\/pages"}],"about":[{"href":"https:\/\/www.tomygousset.com\/marso-and-co\/wp-json\/wp\/v2\/types\/page"}],"author":[{"embeddable":true,"href":"https:\/\/www.tomygousset.com\/marso-and-co\/wp-json\/wp\/v2\/users\/1"}],"replies":[{"embeddable":true,"href":"https:\/\/www.tomygousset.com\/marso-and-co\/wp-json\/wp\/v2\/comments?post=93"}],"version-history":[{"count":0,"href":"https:\/\/www.tomygousset.com\/marso-and-co\/wp-json\/wp\/v2\/pages\/93\/revisions"}],"wp:attachment":[{"href":"https:\/\/www.tomygousset.com\/marso-and-co\/wp-json\/wp\/v2\/media?parent=93"}],"curies":[{"name":"wp","href":"https:\/\/api.w.org\/{rel}","templated":true}]}}